{"id":1002,"date":"2016-12-17T21:15:33","date_gmt":"2016-12-17T20:15:33","guid":{"rendered":"http:\/\/www.mfr-cup.de\/?page_id=1002"},"modified":"2019-02-15T17:16:13","modified_gmt":"2019-02-15T16:16:13","slug":"asv-1861-wilhelmsdorf-e-v","status":"publish","type":"page","link":"https:\/\/www.mittelfrankencup.de\/?page_id=1002","title":{"rendered":"ASV 1861 Wilhelmsdorf e.V."},"content":{"rendered":"<div id=\"pl-1002\"  class=\"panel-layout\" ><div id=\"pg-1002-0\"  class=\"panel-grid panel-has-style\" ><div id=\"introtext\" class=\"panel-row-style panel-row-style-for-1002-0\" ><div id=\"pgc-1002-0-0\"  class=\"panel-grid-cell\" ><div id=\"panel-1002-0-0-0\" class=\"so-panel widget widget_sow-image panel-first-child panel-last-child\" data-index=\"0\" ><div\n\t\t\t\n\t\t\tclass=\"so-widget-sow-image so-widget-sow-image-default-8b5b6f678277-1002\"\n\t\t\t\n\t\t>\n<div class=\"sow-image-container\">\n\t\t<img \n\tsrc=\"https:\/\/www.mittelfrankencup.de\/wp-content\/uploads\/2015\/07\/ASV-Wilhermsdorf.png\" width=\"110\" height=\"119\" sizes=\"(max-width: 110px) 100vw, 110px\" title=\"ASV Wilhermsdorf\" alt=\"\" \t\tclass=\"so-widget-image\"\/>\n\t<\/div>\n\n<\/div><\/div><\/div><div id=\"pgc-1002-0-1\"  class=\"panel-grid-cell\" ><div id=\"panel-1002-0-1-0\" class=\"so-panel widget widget_text panel-first-child panel-last-child\" data-index=\"1\" >\t\t\t<div class=\"textwidget\"><h4>Gr\u00fcndungsjahr:<\/h4> 1861<\/p>\n\n<h4>Abteilungen:<\/h4>8<\/p>\n\n<h4>Mitglieder:<\/h4>  470<\/p>\n\n<h4>Trainingszeiten:<\/h4>  Rennrad (Mi. um 18:00 Uhr & So. um 09:00 Uhr); Familienfahrten und j\u00e4hrliches Trainingslager in KW16 in Italien, zudem im Winter Indoor-Cycling<\/p>\n\n<h4>Ansprechpartner:<\/h4>  \nWilfried B\u00f6hm<\/p>\n\n<h4>Angebot:<\/h4> Der ASV Wilhelmsdorf bietet u.a Fu\u00dfball, Gymnastik, Tennis, Tischtennis, Kinderturnen und nat\u00fcrlich Radsport an. <\/p>\n\n<h4>Fokus:<\/h4>  \u201eSport f\u00fcr Jung und Alt, Sport f\u00fcr alle.\u201c<\/p>\n\n<h4>Website:<\/h4>   \n<a href=\"http:\/\/www.asvwilhelmsdorf.info\/\">www.asvwilhelmsdorf.info <\/a> (Gesamtverein)<br \/>\n<a href=\"http:\/\/www.asvwilhelmsdorf-Radsport.de\">www.www.asvwilhelmsdorf-Radsport.de <\/a> (Abteilung Radsport)<br \/>\n<br \/><\/div>\n\t\t<\/div><\/div><\/div><\/div><div id=\"pg-1002-1\"  class=\"panel-grid panel-has-style\" ><div class=\"siteorigin-panels-stretch panel-row-style panel-row-style-for-1002-1\" id=\"veranstalter\" data-stretch-type=\"full\" ><div id=\"pgc-1002-1-0\"  class=\"panel-grid-cell\" ><div id=\"panel-1002-1-0-0\" class=\"so-panel widget panel-first-child\" data-index=\"2\" ><\/div><div id=\"panel-1002-1-0-1\" class=\"so-panel widget widget_black-studio-tinymce widget_black_studio_tinymce\" data-index=\"3\" ><div class=\"textwidget\"><p class=\"mfrc-h2-weiss\">Die Veranstalter - Vereine stellen sich vor<\/p>\n<p class=\"mfrc-h2-weiss\"><a href=\"\/unsere-vereine\/radfahrerclub-herzogenaurach-e-v\/\"><img loading=\"lazy\" decoding=\"async\" width=\"100\" height=\"100\" class=\"alignnone size-full wp-image-805\" src=\"\/wp-content\/uploads\/2016\/02\/logo_1.png\" alt=\"rc herzogenaurach\" \/><\/a> <a href=\"\/unsere-vereine\/rsg-ansbach-e-v\/\"><img loading=\"lazy\" decoding=\"async\" width=\"100\" height=\"100\" class=\"alignnone size-full wp-image-806\" src=\"\/wp-content\/uploads\/2016\/02\/logo_2.png\" alt=\"RSG Ansbach\" \/><\/a> <a href=\"\/unsere-vereine\/tv-48-erlangen\/\"><img loading=\"lazy\" decoding=\"async\" width=\"100\" height=\"100\" class=\"alignnone size-full wp-image-807\" src=\"\/wp-content\/uploads\/2016\/02\/logo_3.png\" alt=\"TV Erlangen\" \/><\/a> <a href=\"\/unsere-vereine\/tv-fuerth-1869-e-v\/\"><img loading=\"lazy\" decoding=\"async\" width=\"100\" height=\"100\" class=\"alignnone size-full wp-image-808\" src=\"\/wp-content\/uploads\/2016\/02\/logo_4.png\" alt=\"TV F\u00fcrth\" \/><\/a> <a href=\"\/unsere-vereine\/tsv-ammerndorf-1924-e-v\/\"><img loading=\"lazy\" decoding=\"async\" width=\"100\" height=\"100\" class=\"alignnone size-full wp-image-809\" src=\"\/wp-content\/uploads\/2016\/02\/logo_5.png\" alt=\"TSV Ammerndorf\" \/><\/a> <a href=\"\/unsere-vereine\/rc-herpersdorf-1919\/\"><img loading=\"lazy\" decoding=\"async\" width=\"100\" height=\"100\" class=\"alignnone size-full wp-image-810\" src=\"\/wp-content\/uploads\/2016\/02\/logo_6.png\" alt=\"RC Herpersdorf\" \/><\/a> <a href=\"\/unsere-vereine\/radclub-88-neustadtaisch\/\"><img loading=\"lazy\" decoding=\"async\" width=\"100\" height=\"100\" class=\"alignnone size-full wp-image-811\" src=\"\/wp-content\/uploads\/2016\/02\/logo_7.png\" alt=\"RC 88\" \/><\/a> <a href=\"\/unsere-vereine\/asv-1861-wilhelmsdorf-e-v\/\"><img loading=\"lazy\" decoding=\"async\" width=\"100\" height=\"100\" class=\"alignnone size-full wp-image-812\" src=\"\/wp-content\/uploads\/2016\/02\/logo_8.png\" alt=\"ASV Wilhermsdorf\" \/><\/a><\/p>\n<\/div><\/div><div id=\"panel-1002-1-0-2\" class=\"so-panel widget panel-last-child\" data-index=\"4\" ><\/div><\/div><\/div><\/div><\/div>","protected":false},"excerpt":{"rendered":"<p>Gr\u00fcndungsjahr: 1861 Abteilungen:8 Mitglieder: 470 Trainingszeiten: Rennrad (Mi. um 18:00 Uhr &#038; So. um 09:00 Uhr); Familienfahrten und j\u00e4hrliches Trainingslager in KW16 in Italien, zudem im Winter Indoor-Cycling Ansprechpartner: Wilfried B\u00f6hm Angebot: Der ASV Wilhelmsdorf bietet u.a Fu\u00dfball, Gymnastik, Tennis, Tischtennis, Kinderturnen und nat\u00fcrlich Radsport an. Fokus: \u201eSport f\u00fcr Jung und Alt, Sport f\u00fcr alle.\u201c&hellip;&nbsp;<a href=\"https:\/\/www.mittelfrankencup.de\/?page_id=1002\" class=\"\" rel=\"bookmark\">Weiterlesen &raquo;<span class=\"screen-reader-text\">ASV 1861 Wilhelmsdorf e.V.<\/span><\/a><\/p>\n","protected":false},"author":1,"featured_media":0,"parent":991,"menu_order":0,"comment_status":"closed","ping_status":"closed","template":"","meta":{"neve_meta_sidebar":"","neve_meta_container":"","neve_meta_enable_content_width":"","neve_meta_content_width":0,"neve_meta_title_alignment":"","neve_meta_author_avatar":"","neve_post_elements_order":"","neve_meta_disable_header":"","neve_meta_disable_footer":"","neve_meta_disable_title":"","footnotes":""},"categories":[],"tags":[],"class_list":["post-1002","page","type-page","status-publish","hentry"],"_links":{"self":[{"href":"https:\/\/www.mittelfrankencup.de\/index.php?rest_route=\/wp\/v2\/pages\/1002","targetHints":{"allow":["GET"]}}],"collection":[{"href":"https:\/\/www.mittelfrankencup.de\/index.php?rest_route=\/wp\/v2\/pages"}],"about":[{"href":"https:\/\/www.mittelfrankencup.de\/index.php?rest_route=\/wp\/v2\/types\/page"}],"author":[{"embeddable":true,"href":"https:\/\/www.mittelfrankencup.de\/index.php?rest_route=\/wp\/v2\/users\/1"}],"replies":[{"embeddable":true,"href":"https:\/\/www.mittelfrankencup.de\/index.php?rest_route=%2Fwp%2Fv2%2Fcomments&post=1002"}],"version-history":[{"count":18,"href":"https:\/\/www.mittelfrankencup.de\/index.php?rest_route=\/wp\/v2\/pages\/1002\/revisions"}],"predecessor-version":[{"id":4416,"href":"https:\/\/www.mittelfrankencup.de\/index.php?rest_route=\/wp\/v2\/pages\/1002\/revisions\/4416"}],"up":[{"embeddable":true,"href":"https:\/\/www.mittelfrankencup.de\/index.php?rest_route=\/wp\/v2\/pages\/991"}],"wp:attachment":[{"href":"https:\/\/www.mittelfrankencup.de\/index.php?rest_route=%2Fwp%2Fv2%2Fmedia&parent=1002"}],"wp:term":[{"taxonomy":"category","embeddable":true,"href":"https:\/\/www.mittelfrankencup.de\/index.php?rest_route=%2Fwp%2Fv2%2Fcategories&post=1002"},{"taxonomy":"post_tag","embeddable":true,"href":"https:\/\/www.mittelfrankencup.de\/index.php?rest_route=%2Fwp%2Fv2%2Ftags&post=1002"}],"curies":[{"name":"wp","href":"https:\/\/api.w.org\/{rel}","templated":true}]}}